{"id":2135,"date":"2025-08-21T16:37:33","date_gmt":"2025-08-21T16:37:33","guid":{"rendered":"https:\/\/cinetrotter.com\/?page_id=2135"},"modified":"2025-09-13T17:31:15","modified_gmt":"2025-09-13T17:31:15","slug":"%f0%9f%8e%a5-soirees-nomades-en-images","status":"publish","type":"page","link":"https:\/\/cinetrotter.com\/en\/%f0%9f%8e%a5-soirees-nomades-en-images\/","title":{"rendered":"\ud83c\udfa5 Soir\u00e9es \u201cNomades en Images\u201d"},"content":{"rendered":"<div class=\"wp-block-group alignfull has-small-font-size is-layout-constrained wp-container-core-group-is-layout-1d43dbf2 wp-block-group-is-layout-constrained\" style=\"margin-top:var(--wp--preset--spacing--40);margin-bottom:var(--wp--preset--spacing--40);padding-top:0px;padding-right:60px;padding-bottom:0px;padding-left:60px\">\n<h2 class=\"wp-block-heading has-text-align-center has-large-font-size\"><strong>Le cin\u00e9ma qui soutient les voyageurs-cr\u00e9ateurs <\/strong><\/h2>\n\n\n\n<p class=\"has-text-align-center has-ast-global-color-0-color has-text-color has-link-color has-large-font-size wp-elements-359cd5cae478ca3aa46a29069d5faf39\"><strong><em>Un concept unique en France<\/em><\/strong><\/p>\n\n\n\n<p class=\"has-medium-font-size\">Cin\u00e9 Trotter innove en proposant des soir\u00e9es sp\u00e9ciales d\u00e9di\u00e9es aux films de voyageurs et nomades.<br>Nous diffusons leurs documentaires, r\u00e9cits d\u2019aventure et histoires de vie sur <strong>\u00e9cran g\u00e9ant<\/strong>, directement dans les campings, h\u00f4tels, villages vacances et communes.<\/p>\n\n\n\n<p class=\"has-text-align-center has-medium-font-size\" style=\"margin-bottom:var(--wp--preset--spacing--40)\">Chaque projection est <strong>une exp\u00e9rience culturelle et immersive<\/strong> pour le public\u2026<\/p>\n\n\n\n<p class=\"has-text-align-center has-medium-font-size\" style=\"margin-bottom:var(--wp--preset--spacing--40)\">mais aussi un <strong>soutien concret aux cr\u00e9ateurs ind\u00e9pendants<\/strong>.<\/p>\n\n\n\n<div class=\"wp-block-buttons is-layout-flex wp-block-buttons-is-layout-flex\" style=\"margin-top:64px\">\n<div class=\"wp-block-button has-custom-width wp-block-button__width-100 has-custom-font-size is-style-fill\"><a class=\"wp-block-button__link has-medium-font-size has-text-align-center has-custom-font-size wp-element-button\" href=\"https:\/\/cinetrotter.com\/en\/inscription-documentaire\/\"><strong>Faite une demande d&rsquo;nscription<\/strong><\/a><\/div>\n<\/div>\n<\/div>\n\n\n\n<div class=\"wp-block-group alignfull is-content-justification-center is-layout-constrained wp-container-core-group-is-layout-c7f866ca wp-block-group-is-layout-constrained\" style=\"margin-top:0;margin-bottom:0;padding-top:calc( 0.5 * var(--wp--style--root--padding-right, var(--wp--custom--gap--horizontal)));padding-right:var(--wp--style--root--padding-right, var(--wp--custom--gap--horizontal));padding-bottom:calc( 0.5 * var(--wp--style--root--padding-right, var(--wp--custom--gap--horizontal)));padding-left:var(--wp--style--root--padding-left, var(--wp--custom--gap--horizontal))\">\n<div style=\"height:0px\" aria-hidden=\"true\" class=\"wp-block-spacer\"><\/div>\n\n\n\n<div class=\"wp-block-columns alignfull is-layout-flex wp-container-core-columns-is-layout-7c9548a8 wp-block-columns-is-layout-flex\" style=\"padding-top:0;padding-right:0;padding-bottom:0;padding-left:0\">\n<div class=\"wp-block-column is-vertically-aligned-center is-layout-flow wp-block-column-is-layout-flow\" style=\"padding-top:0;padding-right:0;padding-bottom:0;padding-left:0\">\n<div class=\"wp-block-group is-layout-constrained wp-container-core-group-is-layout-bd9266ff wp-block-group-is-layout-constrained\" style=\"padding-top:50px;padding-right:50px;padding-bottom:50px;padding-left:50px\">\n<div class=\"wp-block-group is-layout-flow wp-block-group-is-layout-flow\">\n<h5 class=\"wp-block-heading has-text-align-center has-ast-global-color-0-color has-text-color has-link-color has-large-font-size wp-elements-d2dfce688e710f5bd6ea2228a477c0ca\" style=\"text-transform:capitalize\"><strong>Comment \u00e7a marche ?<\/strong><\/h5>\n\n\n\n<p style=\"margin-top:25px;margin-right:0;margin-bottom:0;margin-left:0;padding-top:0;padding-right:0;padding-bottom:0;padding-left:0\">\ud83c\udfac <strong>Les lieux partenaires<\/strong> (campings, h\u00f4tels, offices de tourisme, centres culturels) r\u00e9servent une soir\u00e9e cl\u00e9 en main.<\/p>\n\n\n\n<p>\ud83d\ude9a <strong>Cin\u00e9 Trotter<\/strong> se d\u00e9place avec son camion \u00e9quip\u00e9, \u00e9cran g\u00e9ant et sonorisation pro.<\/p>\n\n\n\n<p>\ud83c\udf0d <strong>Le public<\/strong> d\u00e9couvre un film inspirant sur le voyage, la nature ou l\u2019aventure.<\/p>\n\n\n\n<p>\ud83d\udcb6 <strong>Le cr\u00e9ateur est r\u00e9mun\u00e9r\u00e9 100 \u20ac par diffusion<\/strong> de son film.<\/p>\n\n\n\n<p style=\"margin-top:25px;margin-right:0;margin-bottom:0;margin-left:0;padding-top:0;padding-right:0;padding-bottom:0;padding-left:0\">Un mod\u00e8le simple et \u00e9quitable, qui valorise le travail des nomades tout en offrant une <strong>animation originale et f\u00e9d\u00e9ratrice<\/strong> aux \u00e9tablissements.<\/p>\n<\/div>\n<\/div>\n<\/div>\n\n\n\n<div class=\"wp-block-column is-vertically-aligned-center is-layout-flow wp-block-column-is-layout-flow\">\n<div class=\"wp-block-cover has-custom-content-position is-position-bottom-left\" style=\"margin-top:0;margin-bottom:0;padding-top:0;padding-right:0;padding-bottom:0;padding-left:0;font-size:40px;min-height:100vh;aspect-ratio:unset;\"><img loading=\"lazy\" decoding=\"async\" width=\"1024\" height=\"1024\" class=\"wp-block-cover__image-background wp-image-2027 size-full\" alt=\"Cin\u00e9 Trotter\" src=\"https:\/\/cinetrotter.com\/wp-content\/uploads\/2025\/07\/ChatGPT-Image-15-juil.-2025-14_07_17.png\" style=\"object-position:50% 50%\" data-object-fit=\"cover\" data-object-position=\"50% 50%\" srcset=\"https:\/\/cinetrotter.com\/wp-content\/uploads\/2025\/07\/ChatGPT-Image-15-juil.-2025-14_07_17.png 1024w, https:\/\/cinetrotter.com\/wp-content\/uploads\/2025\/07\/ChatGPT-Image-15-juil.-2025-14_07_17-100x100.png 100w, https:\/\/cinetrotter.com\/wp-content\/uploads\/2025\/07\/ChatGPT-Image-15-juil.-2025-14_07_17-600x600.png 600w, https:\/\/cinetrotter.com\/wp-content\/uploads\/2025\/07\/ChatGPT-Image-15-juil.-2025-14_07_17-300x300.png 300w, https:\/\/cinetrotter.com\/wp-content\/uploads\/2025\/07\/ChatGPT-Image-15-juil.-2025-14_07_17-150x150.png 150w, https:\/\/cinetrotter.com\/wp-content\/uploads\/2025\/07\/ChatGPT-Image-15-juil.-2025-14_07_17-768x768.png 768w, https:\/\/cinetrotter.com\/wp-content\/uploads\/2025\/07\/ChatGPT-Image-15-juil.-2025-14_07_17-12x12.png 12w\" sizes=\"auto, (max-width: 1024px) 100vw, 1024px\" \/><span aria-hidden=\"true\" class=\"wp-block-cover__background has-background-dim-0 has-background-dim\" style=\"background-color:#826a43\"><\/span><div class=\"wp-block-cover__inner-container is-layout-flow wp-block-cover-is-layout-flow\">\n<p class=\"has-text-align-center has-large-font-size\"><\/p>\n<\/div><\/div>\n<\/div>\n<\/div>\n\n\n\n<div style=\"height:calc( 0.25 * var(--wp--style--root--padding-right, var(--wp--custom--gap--horizontal)))\" aria-hidden=\"true\" class=\"wp-block-spacer\"><\/div>\n<\/div>\n\n\n\n<div class=\"wp-block-group alignfull has-ast-global-color-1-background-color has-background is-content-justification-center is-layout-constrained wp-container-core-group-is-layout-58b810ea wp-block-group-is-layout-constrained\" style=\"margin-top:var(--wp--preset--spacing--40);margin-bottom:var(--wp--preset--spacing--40);padding-top:calc( 0.5 * var(--wp--style--root--padding-right, var(--wp--custom--gap--horizontal)));padding-right:var(--wp--style--root--padding-right, var(--wp--custom--gap--horizontal));padding-bottom:calc( 0.5 * var(--wp--style--root--padding-right, var(--wp--custom--gap--horizontal)));padding-left:var(--wp--style--root--padding-left, var(--wp--custom--gap--horizontal))\">\n<div style=\"margin-top:0;margin-bottom:0;height:11px\" aria-hidden=\"true\" class=\"wp-block-spacer\"><\/div>\n\n\n\n<h3 class=\"wp-block-heading alignwide has-text-align-center has-ast-global-color-5-color has-text-color has-link-color has-x-large-font-size wp-elements-c749295ffdd4787a35d7855989b0532d\" style=\"padding-top:var(--wp--preset--spacing--20);padding-bottom:var(--wp--preset--spacing--20)\">Les avantages<\/h3>\n\n\n\n<div style=\"height:var(--wp--preset--spacing--20)\" aria-hidden=\"true\" class=\"wp-block-spacer\"><\/div>\n\n\n\n<div class=\"wp-block-columns alignwide is-layout-flex wp-container-core-columns-is-layout-0c25e4aa wp-block-columns-is-layout-flex\" style=\"margin-top:var(--wp--preset--spacing--40);margin-bottom:var(--wp--preset--spacing--40);padding-top:0;padding-right:var(--wp--preset--spacing--30);padding-bottom:0;padding-left:var(--wp--preset--spacing--30)\">\n<div class=\"wp-block-column is-layout-flow wp-block-column-is-layout-flow\" style=\"padding-top:var(--wp--preset--spacing--50);padding-bottom:var(--wp--preset--spacing--50)\">\n<p><strong><em>Pour les \u00e9tablissements<\/em><\/strong><\/p>\n\n\n\n<p>\u2705 Une <strong>soir\u00e9e unique et culturelle<\/strong> qui attire et fid\u00e9lise la client\u00e8le<br>\u2705 Une image <strong>responsable et solidaire<\/strong>, en soutenant les voyageurs ind\u00e9pendants<br>\u2705 Une prestation <strong>cl\u00e9 en main<\/strong>, sans organisation suppl\u00e9mentaire<\/p>\n<\/div>\n\n\n\n<div class=\"wp-block-column is-layout-flow wp-block-column-is-layout-flow\">\n<p><strong><em>Pour les cr\u00e9ateurs nomades<\/em><\/strong><\/p>\n\n\n\n<p>\u2705 Une <strong>r\u00e9mun\u00e9ration garantie<\/strong> : 100 \u20ac par diffusion<br>\u2705 Une <strong>visibilit\u00e9 nouvelle<\/strong> aupr\u00e8s d\u2019un public vari\u00e9<br>\u2705 Une <strong>mise en valeur professionnelle<\/strong> de leurs films (projection grand format, son immersif)<\/p>\n<\/div>\n<\/div>\n\n\n\n<div style=\"height:0px\" aria-hidden=\"true\" class=\"wp-block-spacer\"><\/div>\n<\/div>\n\n\n\n<p class=\"has-ast-global-color-5-color has-vivid-red-background-color has-text-color has-background has-link-color wp-elements-271a26e3e6c910c6e6b14b2428040061\">\ud83d\udca1 <strong>\u00c0 partir de 800 \u20ac la soir\u00e9e<\/strong> (<em>dont 100 \u20ac minimum revers\u00e9s au cr\u00e9ateur du film projet\u00e9<\/em>).<br>\ud83d\udc49 Chaque \u00e9v\u00e9nement est personnalis\u00e9 selon vos besoins (choix du film, options suppl\u00e9mentaires, animation possible apr\u00e8s la projection).<\/p>\n\n\n\n<div class=\"wp-block-group alignfull is-layout-constrained wp-container-core-group-is-layout-e220c6fd wp-block-group-is-layout-constrained\" style=\"margin-top:0;margin-bottom:0;padding-top:calc( 0.5 * var(--wp--style--root--padding-right, var(--wp--custom--gap--horizontal)));padding-right:var(--wp--style--root--padding-right, var(--wp--custom--gap--horizontal));padding-bottom:calc( 0.5 * var(--wp--style--root--padding-right, var(--wp--custom--gap--horizontal)));padding-left:var(--wp--style--root--padding-left, var(--wp--custom--gap--horizontal))\">\n<div style=\"height:calc( 0.25 * var(--wp--style--root--padding-right, var(--wp--custom--gap--horizontal)))\" aria-hidden=\"true\" class=\"wp-block-spacer\"><\/div>\n\n\n\n<div class=\"wp-block-group has-small-font-size is-layout-constrained wp-block-group-is-layout-constrained\">\n<h2 class=\"wp-block-heading alignwide has-text-align-center has-xx-large-font-size\">Rejoignez le mouvement<\/h2>\n\n\n\n<p class=\"has-text-align-center has-medium-font-size\">\ud83d\udccc Vous \u00eates <strong>un camping, h\u00f4tel, office de tourisme<\/strong> ou commune ?<br>Contactez-nous pour organiser votre premi\u00e8re soir\u00e9e <em>\u201cNomades en Images\u201d<\/em>.<\/p>\n\n\n\n<p class=\"has-text-align-center has-medium-font-size\">\ud83d\udccc Vous \u00eates <strong>un cr\u00e9ateur nomade<\/strong> ?<br>Partagez vos films avec Cin\u00e9 Trotter et b\u00e9n\u00e9ficiez d\u2019une diffusion professionnelle r\u00e9mun\u00e9r\u00e9e.<\/p>\n\n\n\n<div class=\"wp-block-buttons is-content-justification-center is-layout-flex wp-container-core-buttons-is-layout-a89b3969 wp-block-buttons-is-layout-flex\">\n<div class=\"wp-block-button has-custom-width wp-block-button__width-100\"><a class=\"wp-block-button__link has-medium-font-size has-custom-font-size wp-element-button\" href=\"https:\/\/cinetrotter.com\/en\/inscription-documentaire\/\">R\u00e9server la votre !<\/a><\/div>\n<\/div>\n<\/div>\n\n\n\n<div style=\"height:0.67rem\" aria-hidden=\"true\" class=\"wp-block-spacer\"><\/div>\n\n\n\n<figure class=\"wp-block-image alignwide size-full\"><img loading=\"lazy\" decoding=\"async\" width=\"1536\" height=\"1024\" src=\"https:\/\/cinetrotter.com\/wp-content\/uploads\/2025\/07\/7af21b43-c434-450e-85b6-c1987049a92e.png\" alt=\"\" class=\"wp-image-2049\" srcset=\"https:\/\/cinetrotter.com\/wp-content\/uploads\/2025\/07\/7af21b43-c434-450e-85b6-c1987049a92e.png 1536w, https:\/\/cinetrotter.com\/wp-content\/uploads\/2025\/07\/7af21b43-c434-450e-85b6-c1987049a92e-600x400.png 600w, https:\/\/cinetrotter.com\/wp-content\/uploads\/2025\/07\/7af21b43-c434-450e-85b6-c1987049a92e-300x200.png 300w, https:\/\/cinetrotter.com\/wp-content\/uploads\/2025\/07\/7af21b43-c434-450e-85b6-c1987049a92e-1024x683.png 1024w, https:\/\/cinetrotter.com\/wp-content\/uploads\/2025\/07\/7af21b43-c434-450e-85b6-c1987049a92e-768x512.png 768w, https:\/\/cinetrotter.com\/wp-content\/uploads\/2025\/07\/7af21b43-c434-450e-85b6-c1987049a92e-18x12.png 18w\" sizes=\"auto, (max-width: 1536px) 100vw, 1536px\" \/><\/figure>\n\n\n\n<div style=\"height:calc( 0.25 * var(--wp--style--root--padding-right, var(--wp--custom--gap--horizontal)))\" aria-hidden=\"true\" class=\"wp-block-spacer\"><\/div>\n<\/div>","protected":false},"excerpt":{"rendered":"<p>Le cin\u00e9ma qui soutient les voyageurs-cr\u00e9ateurs Un concept unique en France Cin\u00e9 Trotter innove en proposant des soir\u00e9es sp\u00e9ciales d\u00e9di\u00e9es aux films de voyageurs et nomades.Nous diffusons leurs documentaires, r\u00e9cits d\u2019aventure et histoires de vie sur \u00e9cran g\u00e9ant, directement dans les campings, h\u00f4tels, villages vacances et communes. Chaque projection est une exp\u00e9rience culturelle et immersive [&hellip;]<\/p>\n","protected":false},"author":1,"featured_media":0,"parent":0,"menu_order":0,"comment_status":"closed","ping_status":"closed","template":"","meta":{"_uag_custom_page_level_css":"","site-sidebar-layout":"default","site-content-layout":"","ast-site-content-layout":"default","site-content-style":"default","site-sidebar-style":"default","ast-global-header-display":"","ast-banner-title-visibility":"","ast-main-header-display":"","ast-hfb-above-header-display":"","ast-hfb-below-header-display":"","ast-hfb-mobile-header-display":"","site-post-title":"","ast-breadcrumbs-content":"","ast-featured-img":"","footer-sml-layout":"","ast-disable-related-posts":"","theme-transparent-header-meta":"","adv-header-id-meta":"","stick-header-meta":"","header-above-stick-meta":"","header-main-stick-meta":"","header-below-stick-meta":"","astra-migrate-meta-layouts":"set","ast-page-background-enabled":"default","ast-page-background-meta":{"desktop":{"background-color":"","background-image":"","background-repeat":"repeat","background-position":"center center","background-size":"auto","background-attachment":"scroll","background-type":"","background-media":"","overlay-type":"","overlay-color":"","overlay-opacity":"","overlay-gradient":""},"tablet":{"background-color":"","background-image":"","background-repeat":"repeat","background-position":"center center","background-size":"auto","background-attachment":"scroll","background-type":"","background-media":"","overlay-type":"","overlay-color":"","overlay-opacity":"","overlay-gradient":""},"mobile":{"background-color":"","background-image":"","background-repeat":"repeat","background-position":"center center","background-size":"auto","background-attachment":"scroll","background-type":"","background-media":"","overlay-type":"","overlay-color":"","overlay-opacity":"","overlay-gradient":""}},"ast-content-background-meta":{"desktop":{"background-color":"var(--ast-global-color-5)","background-image":"","background-repeat":"repeat","background-position":"center center","background-size":"auto","background-attachment":"scroll","background-type":"","background-media":"","overlay-type":"","overlay-color":"","overlay-opacity":"","overlay-gradient":""},"tablet":{"background-color":"var(--ast-global-color-5)","background-image":"","background-repeat":"repeat","background-position":"center center","background-size":"auto","background-attachment":"scroll","background-type":"","background-media":"","overlay-type":"","overlay-color":"","overlay-opacity":"","overlay-gradient":""},"mobile":{"background-color":"var(--ast-global-color-5)","background-image":"","background-repeat":"repeat","background-position":"center center","background-size":"auto","background-attachment":"scroll","background-type":"","background-media":"","overlay-type":"","overlay-color":"","overlay-opacity":"","overlay-gradient":""}},"_kadence_starter_templates_imported_post":false,"footnotes":""},"class_list":["post-2135","page","type-page","status-publish","hentry"],"aioseo_notices":[],"_hostinger_reach_plugin_has_subscription_block":false,"_hostinger_reach_plugin_is_elementor":false,"uagb_featured_image_src":{"full":false,"thumbnail":false,"medium":false,"medium_large":false,"large":false,"1536x1536":false,"2048x2048":false,"trp-custom-language-flag":false,"mailpoet_newsletter_max":false,"woocommerce_thumbnail":false,"woocommerce_single":false,"woocommerce_gallery_thumbnail":false},"uagb_author_info":{"display_name":"sipcreationvideo@gmail.com","author_link":"https:\/\/cinetrotter.com\/en\/author\/sipcreationvideogmail-com\/"},"uagb_comment_info":0,"uagb_excerpt":"Le cin\u00e9ma qui soutient les voyageurs-cr\u00e9ateurs Un concept unique en France Cin\u00e9 Trotter innove en proposant des soir\u00e9es sp\u00e9ciales d\u00e9di\u00e9es aux films de voyageurs et nomades.Nous diffusons leurs documentaires, r\u00e9cits d\u2019aventure et histoires de vie sur \u00e9cran g\u00e9ant, directement dans les campings, h\u00f4tels, villages vacances et communes. Chaque projection est une exp\u00e9rience culturelle et immersive&hellip;","_links":{"self":[{"href":"https:\/\/cinetrotter.com\/en\/wp-json\/wp\/v2\/pages\/2135","targetHints":{"allow":["GET"]}}],"collection":[{"href":"https:\/\/cinetrotter.com\/en\/wp-json\/wp\/v2\/pages"}],"about":[{"href":"https:\/\/cinetrotter.com\/en\/wp-json\/wp\/v2\/types\/page"}],"author":[{"embeddable":true,"href":"https:\/\/cinetrotter.com\/en\/wp-json\/wp\/v2\/users\/1"}],"replies":[{"embeddable":true,"href":"https:\/\/cinetrotter.com\/en\/wp-json\/wp\/v2\/comments?post=2135"}],"version-history":[{"count":19,"href":"https:\/\/cinetrotter.com\/en\/wp-json\/wp\/v2\/pages\/2135\/revisions"}],"predecessor-version":[{"id":2225,"href":"https:\/\/cinetrotter.com\/en\/wp-json\/wp\/v2\/pages\/2135\/revisions\/2225"}],"wp:attachment":[{"href":"https:\/\/cinetrotter.com\/en\/wp-json\/wp\/v2\/media?parent=2135"}],"curies":[{"name":"wp","href":"https:\/\/api.w.org\/{rel}","templated":true}]}}