{"id":2107,"date":"2025-08-21T11:40:05","date_gmt":"2025-08-21T11:40:05","guid":{"rendered":"https:\/\/cinetrotter.com\/?post_type=product&#038;p=2107"},"modified":"2025-08-21T12:00:44","modified_gmt":"2025-08-21T12:00:44","slug":"soiree-cinema-plein-air-ecran-geant-sonorisation-professionnelle","status":"publish","type":"product","link":"https:\/\/cinetrotter.com\/en\/product\/soiree-cinema-plein-air-ecran-geant-sonorisation-professionnelle\/","title":{"rendered":"Soir\u00e9e Cin\u00e9ma Plein Air \u2013 \u00c9cran G\u00e9ant &#038; Sonorisation Professionnelle"},"content":{"rendered":"<p data-start=\"621\" data-end=\"872\">Transformez votre camping, h\u00f4tel, domaine ou village en v\u00e9ritable salle de cin\u00e9ma en plein air !<br data-start=\"763\" data-end=\"766\" \/>Cin\u00e9 Trotter se d\u00e9place avec son camion Tatra 6&#215;6 enti\u00e8rement \u00e9quip\u00e9 pour offrir une projection unique :<\/p>\n<p data-start=\"874\" data-end=\"1208\">\u2705 <strong data-start=\"876\" data-end=\"891\">\u00c9cran g\u00e9ant<\/strong> jusqu\u2019\u00e0 7 m\u00e8tres de base<br data-start=\"916\" data-end=\"919\" \/>\u2705 <strong data-start=\"921\" data-end=\"953\">Sonorisation professionnelle<\/strong> pour une immersion totale<br data-start=\"979\" data-end=\"982\" \/>\u2705 <strong data-start=\"984\" data-end=\"1021\">Installation rapide &amp; cl\u00e9 en main<\/strong> (nous fournissons tout : projecteur, sono, technicien)<br data-start=\"1076\" data-end=\"1079\" \/>\u2705 <strong data-start=\"1081\" data-end=\"1098\">Choix du film<\/strong> (catalogue ou selon vos droits)<br data-start=\"1130\" data-end=\"1133\" \/>\u2705 Ambiance conviviale garantie, id\u00e9ale pour cr\u00e9er un \u00e9v\u00e9nement f\u00e9d\u00e9rateur<\/p>\n<p data-start=\"1210\" data-end=\"1244\">\ud83d\udc49 Ce service est parfait pour :<\/p>\n<ul data-start=\"1245\" data-end=\"1506\">\n<li data-start=\"1245\" data-end=\"1326\">\n<p data-start=\"1247\" data-end=\"1326\">Les campings et h\u00f4tels souhaitant offrir une soir\u00e9e originale \u00e0 leurs clients<\/p>\n<\/li>\n<li data-start=\"1327\" data-end=\"1415\">\n<p data-start=\"1329\" data-end=\"1415\">Les communes et offices de tourisme cherchant \u00e0 dynamiser leurs animations estivales<\/p>\n<\/li>\n<li data-start=\"1416\" data-end=\"1506\">\n<p data-start=\"1418\" data-end=\"1506\">Les \u00e9v\u00e9nements priv\u00e9s (f\u00eates, mariages, anniversaires) qui veulent marquer les esprits<\/p>\n<\/li>\n<\/ul>\n<p data-start=\"1508\" data-end=\"1544\"><strong data-start=\"1508\" data-end=\"1542\">Options disponibles (upsell) :<\/strong><\/p>\n<ul data-start=\"1545\" data-end=\"1683\">\n<li data-start=\"1545\" data-end=\"1565\">\n<p data-start=\"1547\" data-end=\"1565\">Karaok\u00e9 g\u00e9ant \ud83c\udfa4<\/p>\n<\/li>\n<li data-start=\"1566\" data-end=\"1597\">\n<p data-start=\"1568\" data-end=\"1597\">Jeux vid\u00e9o sur \u00e9cran XXL \ud83c\udfae<\/p>\n<\/li>\n<li data-start=\"1598\" data-end=\"1683\">\n<p data-start=\"1600\" data-end=\"1683\">Projection th\u00e9matique (cin\u00e9ma d\u2019aventure, films familiaux, documentaires de voyage)<\/p>\n<\/li>\n<\/ul>","protected":false},"excerpt":{"rendered":"<p>Offrez une soir\u00e9e inoubliable \u00e0 vos clients ou invit\u00e9s : cin\u00e9ma sous les \u00e9toiles avec \u00e9cran g\u00e9ant, son immersif et ambiance magique. Prestation cl\u00e9 en main, partout en France et en Europe.<\/p>","protected":false},"featured_media":2111,"comment_status":"open","ping_status":"closed","template":"","meta":{"_uag_custom_page_level_css":"","site-sidebar-layout":"default","site-content-layout":"","ast-site-content-layout":"default","site-content-style":"default","site-sidebar-style":"default","ast-global-header-display":"","ast-banner-title-visibility":"","ast-main-header-display":"","ast-hfb-above-header-display":"","ast-hfb-below-header-display":"","ast-hfb-mobile-header-display":"","site-post-title":"","ast-breadcrumbs-content":"","ast-featured-img":"","footer-sml-layout":"","ast-disable-related-posts":"","theme-transparent-header-meta":"","adv-header-id-meta":"","stick-header-meta":"","header-above-stick-meta":"","header-main-stick-meta":"","header-below-stick-meta":"","astra-migrate-meta-layouts":"default","ast-page-background-enabled":"default","ast-page-background-meta":{"desktop":{"background-color":"","background-image":"","background-repeat":"repeat","background-position":"center center","background-size":"auto","background-attachment":"scroll","background-type":"","background-media":"","overlay-type":"","overlay-color":"","overlay-opacity":"","overlay-gradient":""},"tablet":{"background-color":"","background-image":"","background-repeat":"repeat","background-position":"center center","background-size":"auto","background-attachment":"scroll","background-type":"","background-media":"","overlay-type":"","overlay-color":"","overlay-opacity":"","overlay-gradient":""},"mobile":{"background-color":"","background-image":"","background-repeat":"repeat","background-position":"center center","background-size":"auto","background-attachment":"scroll","background-type":"","background-media":"","overlay-type":"","overlay-color":"","overlay-opacity":"","overlay-gradient":""}},"ast-content-background-meta":{"desktop":{"background-color":"var(--ast-global-color-5)","background-image":"","background-repeat":"repeat","background-position":"center center","background-size":"auto","background-attachment":"scroll","background-type":"","background-media":"","overlay-type":"","overlay-color":"","overlay-opacity":"","overlay-gradient":""},"tablet":{"background-color":"var(--ast-global-color-5)","background-image":"","background-repeat":"repeat","background-position":"center center","background-size":"auto","background-attachment":"scroll","background-type":"","background-media":"","overlay-type":"","overlay-color":"","overlay-opacity":"","overlay-gradient":""},"mobile":{"background-color":"var(--ast-global-color-5)","background-image":"","background-repeat":"repeat","background-position":"center center","background-size":"auto","background-attachment":"scroll","background-type":"","background-media":"","overlay-type":"","overlay-color":"","overlay-opacity":"","overlay-gradient":""}},"_kadence_starter_templates_imported_post":false},"product_brand":[],"product_cat":[39],"product_tag":[],"class_list":{"0":"post-2107","1":"product","2":"type-product","3":"status-publish","4":"has-post-thumbnail","6":"product_cat-cine-sous-les-etoiles","7":"desktop-align-center","8":"tablet-align-left","9":"mobile-align-left","11":"first","12":"instock","13":"downloadable","14":"virtual","15":"product-type-simple"},"aioseo_notices":[],"uagb_featured_image_src":{"full":["https:\/\/cinetrotter.com\/wp-content\/uploads\/2025\/08\/ChatGPT-Image-21-aout-2025-13_59_02.png",1536,1024,false],"thumbnail":["https:\/\/cinetrotter.com\/wp-content\/uploads\/2025\/08\/ChatGPT-Image-21-aout-2025-13_59_02-150x150.png",150,150,true],"medium":["https:\/\/cinetrotter.com\/wp-content\/uploads\/2025\/08\/ChatGPT-Image-21-aout-2025-13_59_02-300x200.png",300,200,true],"medium_large":["https:\/\/cinetrotter.com\/wp-content\/uploads\/2025\/08\/ChatGPT-Image-21-aout-2025-13_59_02-768x512.png",768,512,true],"large":["https:\/\/cinetrotter.com\/wp-content\/uploads\/2025\/08\/ChatGPT-Image-21-aout-2025-13_59_02-1024x683.png",1024,683,true],"1536x1536":["https:\/\/cinetrotter.com\/wp-content\/uploads\/2025\/08\/ChatGPT-Image-21-aout-2025-13_59_02.png",1536,1024,false],"2048x2048":["https:\/\/cinetrotter.com\/wp-content\/uploads\/2025\/08\/ChatGPT-Image-21-aout-2025-13_59_02.png",1536,1024,false],"trp-custom-language-flag":["https:\/\/cinetrotter.com\/wp-content\/uploads\/2025\/08\/ChatGPT-Image-21-aout-2025-13_59_02-18x12.png",18,12,true],"mailpoet_newsletter_max":["https:\/\/cinetrotter.com\/wp-content\/uploads\/2025\/08\/ChatGPT-Image-21-aout-2025-13_59_02.png",1320,880,false],"woocommerce_thumbnail":["https:\/\/cinetrotter.com\/wp-content\/uploads\/2025\/08\/ChatGPT-Image-21-aout-2025-13_59_02-300x150.png",300,150,true],"woocommerce_single":["https:\/\/cinetrotter.com\/wp-content\/uploads\/2025\/08\/ChatGPT-Image-21-aout-2025-13_59_02-600x400.png",600,400,true],"woocommerce_gallery_thumbnail":["https:\/\/cinetrotter.com\/wp-content\/uploads\/2025\/08\/ChatGPT-Image-21-aout-2025-13_59_02-100x100.png",100,100,true]},"uagb_author_info":{"display_name":"sipcreationvideo@gmail.com","author_link":"https:\/\/cinetrotter.com\/en\/author\/"},"uagb_comment_info":0,"uagb_excerpt":"Offrez une soir\u00e9e inoubliable \u00e0 vos clients ou invit\u00e9s : cin\u00e9ma sous les \u00e9toiles avec \u00e9cran g\u00e9ant, son immersif et ambiance magique. Prestation cl\u00e9 en main, partout en France et en Europe.","_links":{"self":[{"href":"https:\/\/cinetrotter.com\/en\/wp-json\/wp\/v2\/product\/2107","targetHints":{"allow":["GET"]}}],"collection":[{"href":"https:\/\/cinetrotter.com\/en\/wp-json\/wp\/v2\/product"}],"about":[{"href":"https:\/\/cinetrotter.com\/en\/wp-json\/wp\/v2\/types\/product"}],"replies":[{"embeddable":true,"href":"https:\/\/cinetrotter.com\/en\/wp-json\/wp\/v2\/comments?post=2107"}],"wp:featuredmedia":[{"embeddable":true,"href":"https:\/\/cinetrotter.com\/en\/wp-json\/wp\/v2\/media\/2111"}],"wp:attachment":[{"href":"https:\/\/cinetrotter.com\/en\/wp-json\/wp\/v2\/media?parent=2107"}],"wp:term":[{"taxonomy":"product_brand","embeddable":true,"href":"https:\/\/cinetrotter.com\/en\/wp-json\/wp\/v2\/product_brand?post=2107"},{"taxonomy":"product_cat","embeddable":true,"href":"https:\/\/cinetrotter.com\/en\/wp-json\/wp\/v2\/product_cat?post=2107"},{"taxonomy":"product_tag","embeddable":true,"href":"https:\/\/cinetrotter.com\/en\/wp-json\/wp\/v2\/product_tag?post=2107"}],"curies":[{"name":"wp","href":"https:\/\/api.w.org\/{rel}","templated":true}]}}