{"id":2129,"date":"2025-08-21T14:24:02","date_gmt":"2025-08-21T14:24:02","guid":{"rendered":"https:\/\/cinetrotter.com\/?post_type=product&#038;p=2129"},"modified":"2025-08-21T14:28:07","modified_gmt":"2025-08-21T14:28:07","slug":"karaoke-geant-en-plein-air-ecran-xxl-sonorisation-pro","status":"publish","type":"product","link":"https:\/\/cinetrotter.com\/en\/product\/karaoke-geant-en-plein-air-ecran-xxl-sonorisation-pro\/","title":{"rendered":"Karaok\u00e9 G\u00e9ant en Plein Air \u2013 \u00c9cran XXL &#038; Sonorisation Pro"},"content":{"rendered":"<h3 data-start=\"559\" data-end=\"589\">L\u2019exp\u00e9rience Karaok\u00e9 XXL<\/h3>\n<p data-start=\"590\" data-end=\"784\">Transformez votre lieu en sc\u00e8ne de concert \u00e0 ciel ouvert.<br data-start=\"647\" data-end=\"650\" \/>Cin\u00e9 Trotter installe un \u00e9cran g\u00e9ant et une sonorisation professionnelle pour une soir\u00e9e o\u00f9 tout le monde devient la star du micro !<\/p>\n<p data-start=\"786\" data-end=\"822\">\ud83c\udfa4 <strong data-start=\"789\" data-end=\"820\">Inclus dans la prestation :<\/strong><\/p>\n<ul data-start=\"823\" data-end=\"1060\">\n<li data-start=\"823\" data-end=\"871\">\n<p data-start=\"825\" data-end=\"871\">\u00c9cran XXL pour afficher les paroles en grand<\/p>\n<\/li>\n<li data-start=\"872\" data-end=\"910\">\n<p data-start=\"874\" data-end=\"910\">Sonorisation pro + micros sans fil<\/p>\n<\/li>\n<li data-start=\"911\" data-end=\"959\">\n<p data-start=\"913\" data-end=\"959\">Technicien Cin\u00e9 Trotter pour g\u00e9rer la soir\u00e9e<\/p>\n<\/li>\n<li data-start=\"960\" data-end=\"1016\">\n<p data-start=\"962\" data-end=\"1016\">Catalogue vari\u00e9 de chansons (tous styles et \u00e9poques)<\/p>\n<\/li>\n<li data-start=\"1017\" data-end=\"1060\">\n<p data-start=\"1019\" data-end=\"1060\">Ambiance festive et conviviale garantie<\/p>\n<\/li>\n<\/ul>\n<hr data-start=\"1062\" data-end=\"1065\" \/>\n<h3 data-start=\"1067\" data-end=\"1083\">Pour qui ?<\/h3>\n<p data-start=\"1084\" data-end=\"1295\">\u2705 Campings &amp; h\u00f4tels \u2192 soir\u00e9es fun qui plaisent \u00e0 toutes les g\u00e9n\u00e9rations<br data-start=\"1155\" data-end=\"1158\" \/>\u2705 Communes &amp; offices de tourisme \u2192 animation f\u00e9d\u00e9ratrice et joyeuse<br data-start=\"1225\" data-end=\"1228\" \/>\u2705 \u00c9v\u00e9nements priv\u00e9s \u2192 mariages, anniversaires, f\u00eates d\u2019entreprise<\/p>\n<hr data-start=\"1297\" data-end=\"1300\" \/>\n<h3 data-start=\"1302\" data-end=\"1325\">Options possibles<\/h3>\n<ul data-start=\"1326\" data-end=\"1502\">\n<li data-start=\"1326\" data-end=\"1379\">\n<p data-start=\"1328\" data-end=\"1379\">Ajout de jeux musicaux (blind test, quiz musical)<\/p>\n<\/li>\n<li data-start=\"1380\" data-end=\"1446\">\n<p data-start=\"1382\" data-end=\"1446\">Combo avec soir\u00e9e cin\u00e9ma le lendemain pour un week-end complet<\/p>\n<\/li>\n<li data-start=\"1447\" data-end=\"1502\">\n<p data-start=\"1449\" data-end=\"1502\">Personnalisation du d\u00e9cor (th\u00e8me disco, pop, r\u00e9tro)<\/p>\n<\/li>\n<\/ul>","protected":false},"excerpt":{"rendered":"<p>Chantez en grand format ! Offrez \u00e0 vos clients une soir\u00e9e karaok\u00e9 inoubliable sur \u00e9cran g\u00e9ant avec sonorisation professionnelle et ambiance festive.<\/p>","protected":false},"featured_media":2081,"comment_status":"open","ping_status":"closed","template":"","meta":{"_uag_custom_page_level_css":"","site-sidebar-layout":"default","site-content-layout":"","ast-site-content-layout":"default","site-content-style":"default","site-sidebar-style":"default","ast-global-header-display":"","ast-banner-title-visibility":"","ast-main-header-display":"","ast-hfb-above-header-display":"","ast-hfb-below-header-display":"","ast-hfb-mobile-header-display":"","site-post-title":"","ast-breadcrumbs-content":"","ast-featured-img":"","footer-sml-layout":"","ast-disable-related-posts":"","theme-transparent-header-meta":"","adv-header-id-meta":"","stick-header-meta":"","header-above-stick-meta":"","header-main-stick-meta":"","header-below-stick-meta":"","astra-migrate-meta-layouts":"default","ast-page-background-enabled":"default","ast-page-background-meta":{"desktop":{"background-color":"","background-image":"","background-repeat":"repeat","background-position":"center center","background-size":"auto","background-attachment":"scroll","background-type":"","background-media":"","overlay-type":"","overlay-color":"","overlay-opacity":"","overlay-gradient":""},"tablet":{"background-color":"","background-image":"","background-repeat":"repeat","background-position":"center center","background-size":"auto","background-attachment":"scroll","background-type":"","background-media":"","overlay-type":"","overlay-color":"","overlay-opacity":"","overlay-gradient":""},"mobile":{"background-color":"","background-image":"","background-repeat":"repeat","background-position":"center center","background-size":"auto","background-attachment":"scroll","background-type":"","background-media":"","overlay-type":"","overlay-color":"","overlay-opacity":"","overlay-gradient":""}},"ast-content-background-meta":{"desktop":{"background-color":"var(--ast-global-color-5)","background-image":"","background-repeat":"repeat","background-position":"center center","background-size":"auto","background-attachment":"scroll","background-type":"","background-media":"","overlay-type":"","overlay-color":"","overlay-opacity":"","overlay-gradient":""},"tablet":{"background-color":"var(--ast-global-color-5)","background-image":"","background-repeat":"repeat","background-position":"center center","background-size":"auto","background-attachment":"scroll","background-type":"","background-media":"","overlay-type":"","overlay-color":"","overlay-opacity":"","overlay-gradient":""},"mobile":{"background-color":"var(--ast-global-color-5)","background-image":"","background-repeat":"repeat","background-position":"center center","background-size":"auto","background-attachment":"scroll","background-type":"","background-media":"","overlay-type":"","overlay-color":"","overlay-opacity":"","overlay-gradient":""}},"_kadence_starter_templates_imported_post":false},"product_brand":[],"product_cat":[39],"product_tag":[],"class_list":{"0":"post-2129","1":"product","2":"type-product","3":"status-publish","4":"has-post-thumbnail","6":"product_cat-cine-sous-les-etoiles","7":"desktop-align-center","8":"tablet-align-left","9":"mobile-align-left","11":"first","12":"instock","13":"downloadable","14":"virtual","15":"product-type-simple"},"aioseo_notices":[],"uagb_featured_image_src":{"full":["https:\/\/cinetrotter.com\/wp-content\/uploads\/2025\/07\/a774d1ab-585b-4dba-80f6-fdf88a573575222.png",1536,864,false],"thumbnail":["https:\/\/cinetrotter.com\/wp-content\/uploads\/2025\/07\/a774d1ab-585b-4dba-80f6-fdf88a573575222-150x150.png",150,150,true],"medium":["https:\/\/cinetrotter.com\/wp-content\/uploads\/2025\/07\/a774d1ab-585b-4dba-80f6-fdf88a573575222-300x169.png",300,169,true],"medium_large":["https:\/\/cinetrotter.com\/wp-content\/uploads\/2025\/07\/a774d1ab-585b-4dba-80f6-fdf88a573575222-768x432.png",768,432,true],"large":["https:\/\/cinetrotter.com\/wp-content\/uploads\/2025\/07\/a774d1ab-585b-4dba-80f6-fdf88a573575222-1024x576.png",1024,576,true],"1536x1536":["https:\/\/cinetrotter.com\/wp-content\/uploads\/2025\/07\/a774d1ab-585b-4dba-80f6-fdf88a573575222.png",1536,864,false],"2048x2048":["https:\/\/cinetrotter.com\/wp-content\/uploads\/2025\/07\/a774d1ab-585b-4dba-80f6-fdf88a573575222.png",1536,864,false],"trp-custom-language-flag":["https:\/\/cinetrotter.com\/wp-content\/uploads\/2025\/07\/a774d1ab-585b-4dba-80f6-fdf88a573575222-18x10.png",18,10,true],"mailpoet_newsletter_max":["https:\/\/cinetrotter.com\/wp-content\/uploads\/2025\/07\/a774d1ab-585b-4dba-80f6-fdf88a573575222.png",1320,743,false],"woocommerce_thumbnail":["https:\/\/cinetrotter.com\/wp-content\/uploads\/2025\/07\/a774d1ab-585b-4dba-80f6-fdf88a573575222-300x150.png",300,150,true],"woocommerce_single":["https:\/\/cinetrotter.com\/wp-content\/uploads\/2025\/07\/a774d1ab-585b-4dba-80f6-fdf88a573575222-600x338.png",600,338,true],"woocommerce_gallery_thumbnail":["https:\/\/cinetrotter.com\/wp-content\/uploads\/2025\/07\/a774d1ab-585b-4dba-80f6-fdf88a573575222-100x100.png",100,100,true]},"uagb_author_info":{"display_name":"sipcreationvideo@gmail.com","author_link":"https:\/\/cinetrotter.com\/en\/author\/"},"uagb_comment_info":0,"uagb_excerpt":"Chantez en grand format ! Offrez \u00e0 vos clients une soir\u00e9e karaok\u00e9 inoubliable sur \u00e9cran g\u00e9ant avec sonorisation professionnelle et ambiance festive.","_links":{"self":[{"href":"https:\/\/cinetrotter.com\/en\/wp-json\/wp\/v2\/product\/2129","targetHints":{"allow":["GET"]}}],"collection":[{"href":"https:\/\/cinetrotter.com\/en\/wp-json\/wp\/v2\/product"}],"about":[{"href":"https:\/\/cinetrotter.com\/en\/wp-json\/wp\/v2\/types\/product"}],"replies":[{"embeddable":true,"href":"https:\/\/cinetrotter.com\/en\/wp-json\/wp\/v2\/comments?post=2129"}],"wp:featuredmedia":[{"embeddable":true,"href":"https:\/\/cinetrotter.com\/en\/wp-json\/wp\/v2\/media\/2081"}],"wp:attachment":[{"href":"https:\/\/cinetrotter.com\/en\/wp-json\/wp\/v2\/media?parent=2129"}],"wp:term":[{"taxonomy":"product_brand","embeddable":true,"href":"https:\/\/cinetrotter.com\/en\/wp-json\/wp\/v2\/product_brand?post=2129"},{"taxonomy":"product_cat","embeddable":true,"href":"https:\/\/cinetrotter.com\/en\/wp-json\/wp\/v2\/product_cat?post=2129"},{"taxonomy":"product_tag","embeddable":true,"href":"https:\/\/cinetrotter.com\/en\/wp-json\/wp\/v2\/product_tag?post=2129"}],"curies":[{"name":"wp","href":"https:\/\/api.w.org\/{rel}","templated":true}]}}