{"id":2134,"date":"2025-08-21T14:42:22","date_gmt":"2025-08-21T14:42:22","guid":{"rendered":"https:\/\/cinetrotter.com\/?post_type=product&#038;p=2134"},"modified":"2025-08-21T14:42:22","modified_gmt":"2025-08-21T14:42:22","slug":"projection-privee-mariages-anniversaires-entreprises","status":"publish","type":"product","link":"https:\/\/cinetrotter.com\/en\/product\/projection-privee-mariages-anniversaires-entreprises\/","title":{"rendered":"Projection Priv\u00e9e (Mariages, Anniversaires, Entreprises)"},"content":{"rendered":"<p data-start=\"1762\" data-end=\"1959\">Que ce soit pour un mariage, un anniversaire, une garden-party ou une soir\u00e9e d\u2019entreprise, Cin\u00e9 Trotter installe tout pour cr\u00e9er une projection intime et spectaculaire.<\/p>\n<p data-start=\"1961\" data-end=\"1979\">\ud83d\udcfd\ufe0f <strong data-start=\"1965\" data-end=\"1977\">Inclus :<\/strong><\/p>\n<ul data-start=\"1980\" data-end=\"2121\">\n<li data-start=\"1980\" data-end=\"2014\">\n<p data-start=\"1982\" data-end=\"2014\">\u00c9cran g\u00e9ant + sonorisation pro<\/p>\n<\/li>\n<li data-start=\"2015\" data-end=\"2074\">\n<p data-start=\"2017\" data-end=\"2074\">Diffusion de vos films, vid\u00e9os personnelles ou montages<\/p>\n<\/li>\n<li data-start=\"2075\" data-end=\"2121\">\n<p data-start=\"2077\" data-end=\"2121\">Assistance technique et animation possible<\/p>\n<\/li>\n<\/ul>\n<p data-start=\"2123\" data-end=\"2184\">\ud83d\udca1 <strong data-start=\"2126\" data-end=\"2157\">\u00c0 partir de 700 \u20ac la soir\u00e9e<\/strong> \u2013 R\u00e9servation sur devis.<\/p>","protected":false},"excerpt":{"rendered":"<p>Offrez une exp\u00e9rience unique \u00e0 vos invit\u00e9s : une projection priv\u00e9e sur \u00e9cran g\u00e9ant pour marquer votre \u00e9v\u00e9nement.<\/p>","protected":false},"featured_media":2071,"comment_status":"open","ping_status":"closed","template":"","meta":{"_uag_custom_page_level_css":"","site-sidebar-layout":"default","site-content-layout":"","ast-site-content-layout":"default","site-content-style":"default","site-sidebar-style":"default","ast-global-header-display":"","ast-banner-title-visibility":"","ast-main-header-display":"","ast-hfb-above-header-display":"","ast-hfb-below-header-display":"","ast-hfb-mobile-header-display":"","site-post-title":"","ast-breadcrumbs-content":"","ast-featured-img":"","footer-sml-layout":"","ast-disable-related-posts":"","theme-transparent-header-meta":"","adv-header-id-meta":"","stick-header-meta":"","header-above-stick-meta":"","header-main-stick-meta":"","header-below-stick-meta":"","astra-migrate-meta-layouts":"default","ast-page-background-enabled":"default","ast-page-background-meta":{"desktop":{"background-color":"","background-image":"","background-repeat":"repeat","background-position":"center center","background-size":"auto","background-attachment":"scroll","background-type":"","background-media":"","overlay-type":"","overlay-color":"","overlay-opacity":"","overlay-gradient":""},"tablet":{"background-color":"","background-image":"","background-repeat":"repeat","background-position":"center center","background-size":"auto","background-attachment":"scroll","background-type":"","background-media":"","overlay-type":"","overlay-color":"","overlay-opacity":"","overlay-gradient":""},"mobile":{"background-color":"","background-image":"","background-repeat":"repeat","background-position":"center center","background-size":"auto","background-attachment":"scroll","background-type":"","background-media":"","overlay-type":"","overlay-color":"","overlay-opacity":"","overlay-gradient":""}},"ast-content-background-meta":{"desktop":{"background-color":"var(--ast-global-color-5)","background-image":"","background-repeat":"repeat","background-position":"center center","background-size":"auto","background-attachment":"scroll","background-type":"","background-media":"","overlay-type":"","overlay-color":"","overlay-opacity":"","overlay-gradient":""},"tablet":{"background-color":"var(--ast-global-color-5)","background-image":"","background-repeat":"repeat","background-position":"center center","background-size":"auto","background-attachment":"scroll","background-type":"","background-media":"","overlay-type":"","overlay-color":"","overlay-opacity":"","overlay-gradient":""},"mobile":{"background-color":"var(--ast-global-color-5)","background-image":"","background-repeat":"repeat","background-position":"center center","background-size":"auto","background-attachment":"scroll","background-type":"","background-media":"","overlay-type":"","overlay-color":"","overlay-opacity":"","overlay-gradient":""}},"_kadence_starter_templates_imported_post":false},"product_brand":[],"product_cat":[39],"product_tag":[],"class_list":{"0":"post-2134","1":"product","2":"type-product","3":"status-publish","4":"has-post-thumbnail","6":"product_cat-cine-sous-les-etoiles","7":"desktop-align-center","8":"tablet-align-left","9":"mobile-align-left","11":"first","12":"instock","13":"downloadable","14":"virtual","15":"product-type-simple"},"aioseo_notices":[],"uagb_featured_image_src":{"full":["https:\/\/cinetrotter.com\/wp-content\/uploads\/2025\/07\/7af21b43-c434-450e-85b6-c1987049a92e-1.png",1536,1024,false],"thumbnail":["https:\/\/cinetrotter.com\/wp-content\/uploads\/2025\/07\/7af21b43-c434-450e-85b6-c1987049a92e-1-150x150.png",150,150,true],"medium":["https:\/\/cinetrotter.com\/wp-content\/uploads\/2025\/07\/7af21b43-c434-450e-85b6-c1987049a92e-1-300x200.png",300,200,true],"medium_large":["https:\/\/cinetrotter.com\/wp-content\/uploads\/2025\/07\/7af21b43-c434-450e-85b6-c1987049a92e-1-768x512.png",768,512,true],"large":["https:\/\/cinetrotter.com\/wp-content\/uploads\/2025\/07\/7af21b43-c434-450e-85b6-c1987049a92e-1-1024x683.png",1024,683,true],"1536x1536":["https:\/\/cinetrotter.com\/wp-content\/uploads\/2025\/07\/7af21b43-c434-450e-85b6-c1987049a92e-1.png",1536,1024,false],"2048x2048":["https:\/\/cinetrotter.com\/wp-content\/uploads\/2025\/07\/7af21b43-c434-450e-85b6-c1987049a92e-1.png",1536,1024,false],"trp-custom-language-flag":["https:\/\/cinetrotter.com\/wp-content\/uploads\/2025\/07\/7af21b43-c434-450e-85b6-c1987049a92e-1-18x12.png",18,12,true],"mailpoet_newsletter_max":["https:\/\/cinetrotter.com\/wp-content\/uploads\/2025\/07\/7af21b43-c434-450e-85b6-c1987049a92e-1.png",1320,880,false],"woocommerce_thumbnail":["https:\/\/cinetrotter.com\/wp-content\/uploads\/2025\/07\/7af21b43-c434-450e-85b6-c1987049a92e-1-300x150.png",300,150,true],"woocommerce_single":["https:\/\/cinetrotter.com\/wp-content\/uploads\/2025\/07\/7af21b43-c434-450e-85b6-c1987049a92e-1-600x400.png",600,400,true],"woocommerce_gallery_thumbnail":["https:\/\/cinetrotter.com\/wp-content\/uploads\/2025\/07\/7af21b43-c434-450e-85b6-c1987049a92e-1-100x100.png",100,100,true]},"uagb_author_info":{"display_name":"sipcreationvideo@gmail.com","author_link":"https:\/\/cinetrotter.com\/en\/author\/"},"uagb_comment_info":0,"uagb_excerpt":"Offrez une exp\u00e9rience unique \u00e0 vos invit\u00e9s : une projection priv\u00e9e sur \u00e9cran g\u00e9ant pour marquer votre \u00e9v\u00e9nement.","_links":{"self":[{"href":"https:\/\/cinetrotter.com\/en\/wp-json\/wp\/v2\/product\/2134","targetHints":{"allow":["GET"]}}],"collection":[{"href":"https:\/\/cinetrotter.com\/en\/wp-json\/wp\/v2\/product"}],"about":[{"href":"https:\/\/cinetrotter.com\/en\/wp-json\/wp\/v2\/types\/product"}],"replies":[{"embeddable":true,"href":"https:\/\/cinetrotter.com\/en\/wp-json\/wp\/v2\/comments?post=2134"}],"wp:featuredmedia":[{"embeddable":true,"href":"https:\/\/cinetrotter.com\/en\/wp-json\/wp\/v2\/media\/2071"}],"wp:attachment":[{"href":"https:\/\/cinetrotter.com\/en\/wp-json\/wp\/v2\/media?parent=2134"}],"wp:term":[{"taxonomy":"product_brand","embeddable":true,"href":"https:\/\/cinetrotter.com\/en\/wp-json\/wp\/v2\/product_brand?post=2134"},{"taxonomy":"product_cat","embeddable":true,"href":"https:\/\/cinetrotter.com\/en\/wp-json\/wp\/v2\/product_cat?post=2134"},{"taxonomy":"product_tag","embeddable":true,"href":"https:\/\/cinetrotter.com\/en\/wp-json\/wp\/v2\/product_tag?post=2134"}],"curies":[{"name":"wp","href":"https:\/\/api.w.org\/{rel}","templated":true}]}}